{"id":811,"date":"2024-02-05T09:36:39","date_gmt":"2024-02-05T08:36:39","guid":{"rendered":"https:\/\/graebener-minting.com\/?page_id=811"},"modified":"2025-06-03T09:38:39","modified_gmt":"2025-06-03T07:38:39","slug":"imprint","status":"publish","type":"page","link":"https:\/\/www.graebener-minting.com\/en\/imprint\/","title":{"rendered":"Imprint"},"content":{"rendered":"<div id=\"block-17\" class=\"pt-medium pb-medium alignfull is-layout-constrained\">\n  <div class=\"standard\">\n    <div>\n      <div class=\"row row-mb-fix \">\n        <div id=\"block-16\" class=\"col col-12 d-flex flex-column justify-content-start\">\n  <p id=\"block-1\" class=\"\">\n  <strong>Herausgeber<\/strong><br>ANDRITZ Gr\u00e4bener GmbH &amp; Co. KG<br>Wetzlarer Stra\u00dfe 1<br>57250 Netphen-Werthenbach<br>Germany<\/p>\n\n<p id=\"block-2\" class=\"\">\n  Telefon: +49 (2737) 962-0<br>Email:\u00a0<a href=\"mailto:andritz-graebener@andritz.com\">andritz-graebener@andritz.com<\/a><\/p>\n\n<p id=\"block-3\" class=\"\">\n  <strong>Handelsregister<\/strong><br>ANDRITZ Gr\u00e4bener GmbH &amp; Co. KG mit Sitz in Netphen-Werthenbach<br>Registergericht: Siegen HRA 3253<\/p>\n\n<p id=\"block-4\" class=\"\">\n  Pers\u00f6nlich Haftende Gesellschafterin:<br>ANDRITZ Gr\u00e4bener Verwaltungs GmbH<br>Wetzlarer Stra\u00dfe 1<br>57250 Netphen-Werthenbach<br>Germany<br>Registergericht: Siegen HR B 2792<\/p>\n\n<p id=\"block-5\" class=\"\">\n  <strong>Gesch\u00e4ftsf\u00fchrer<br><\/strong>Klaus Heimerl, Martin Stahlschmidt<\/p>\n\n<p id=\"block-6\" class=\"\">\n  <strong>Umsatzsteueridentifikationsnummer<\/strong><br>DE 126582555<\/p>\n\n<p id=\"block-7\" class=\"\">\n  <strong>Konzeption, Design, Umsetzung<\/strong><br><a href=\"http:\/\/www.yellowtree.de\/\" target=\"_blank\" rel=\"noreferrer noopener\">www.yellowtree.de<\/a><\/p>\n\n<p id=\"block-8\" class=\"\">\n  <strong>Links<\/strong><br>Mit Urteil vom 12. Mai 1998 hat das Landgericht Hamburg entschieden, dass man durch das Setzen eines Links sich die Inhalte der gelinkten Seite zu Eigen macht und ggf. mit zu verantworten hat. Dies kann \u2013 so das LG \u2013 nur dadurch verhindert werden, indem man sich ausdr\u00fccklich von den Inhalten der verlinkten Seiten distanziert. Da wir auf unserer Homepage Links zu anderen Seiten im Internet haben, distanzieren wir uns hiermit von Inhalten jeglicher Art auf diesen verlinkten Seiten. Wir erkl\u00e4ren ausdr\u00fccklich, dass wir auf die au\u00dferhalb unserer Internetpr\u00e4senz liegenden Seiten keinerlei Einfluss bez\u00fcglich deren Gestaltung und Inhalt haben und somit auch nicht verantwortlich sind. Sollte auf den von unserer Homepage verlinkten Seiten illegaler Inhalt verbreitet werden, so bitten wir darum, uns umgehend dar\u00fcber zu benachrichtigen, damit wir die betreffenden Links entfernen k\u00f6nnen.<\/p>\n\n<p id=\"block-9\" class=\"\">\n  <strong>Inhalte<\/strong><br>Wir bem\u00fchen uns um Richtigkeit, Aktualit\u00e4t und Vollst\u00e4ndigkeit der Informationen und haben die Inhalte der Website sorgf\u00e4ltig erarbeitet. Die Website enth\u00e4lt teilweise in die Zukunft gerichtete Aussagen, welche die Sicht des Managements auf zuk\u00fcnftige Ereignisse zum Zeitpunkt der Erkl\u00e4rung wiedergeben. Die tats\u00e4chlichen Resultate k\u00f6nnen von diesen gemachten Aussagen erheblich abweichen, da Ereignisse von verschiedensten Einfl\u00fcssen abh\u00e4ngen. F\u00fcr die angebotenen Informationen k\u00f6nnen wir keine Gew\u00e4hr irgendeiner Art \u00fcbernehmen. Hinsichtlich der zukunftsgerichteten Aussagen weisen wir ausdr\u00fccklich darauf hin, dass eine Aktualisierung der einmal gemachten Aussagen nicht beabsichtigt ist und nicht stattfindet, behalten uns jedoch vor, ohne weitere Ank\u00fcndigung, alle bereitgestellten Informationen jederzeit zu ver\u00e4ndern oder zu aktualisieren.<\/p>\n\n<p id=\"block-10\" class=\"\">\n  <strong>Rechtshinweis<\/strong><br>Wir weise darauf hin, da\u00df Sie auf dieser Homepage lediglich allgemeine Informationen finden. Die Informationen k\u00f6nnen weder eine Rechtsberatung ersetzen noch ber\u00fccksichtigen sie die jeweiligen besonderen Gegebenheiten des Einzelfalles. F\u00fcr eine konkrete Rechtsberatung wenden Sie sich bitte an einen Rechtsanwalt. Durch die \u00dcbersendung von eMails entsteht kein Vertragsverh\u00e4ltnis. Es wird darauf hingewiesen, da\u00df die Texte und Fotos dieser Homepage urheberrechtlich gesch\u00fctzt sind.<\/p>\n\n<p id=\"block-11\" class=\"\">\n  <strong>Verweise auf andere Websites\/Links<\/strong><br>Wir \u00fcbernehmen keinerlei Haftung f\u00fcr die Inhalte fremder verlinkter Seiten inklusive weiterleitender Links in diesen Seiten. Auf den Inhalt solcher Seiten haben wir keinen Einfluss.<\/p>\n\n<p id=\"block-12\" class=\"\">\n  <strong>Urheberrecht\/Gewerbliche Schutzrechte<br><\/strong>Texte, Bilder, Grafiken, Sounds, Animationen, Ton, Charts und Videos sowie deren Anordnung unterliegen dem Schutz des Urheberrechtes und anderer Schutzgesetze. Die Vervielf\u00e4ltigung, Ab\u00e4nderung, \u00dcbertragung oder Ver\u00f6ffentlichung eines Teils oder des gesamten Inhaltes dieser Website ist in jeglicher Form verboten. Insbesondere&nbsp;ist zum privaten, nicht kommerziellen Zweck&nbsp;das Vervielf\u00e4ltigen und Verwenden von Informationen und Daten, deren Download ausdr\u00fccklich angeboten wird, erlaubt. Alle auf dieser Website enthaltenen Kennzeichen (gesch\u00fctzte Marken, wie Logos und gesch\u00e4ftliche Bezeichnungen, etc.) sind Eigentum der GR\u00c4BENER Pressensysteme GmbH &amp; Co. KG oder Dritter und d\u00fcrfen ohne vorherige schriftliche Einwilligung nicht verwandt, dauerhaft herunter geladen, kopiert oder verbreitet werden.<\/p>\n\n<p id=\"block-13\" class=\"\">\n  <strong>Einsatz von Cookies<br><\/strong>GR\u00c4BENER&nbsp;Pressensysteme GmbH &amp; Co. KG&nbsp;kann Cookies verwenden, um allgemein nach zu verfolgen, welche Seiten innerhalb der Website besucht werden. Diese Cookies werden eingesetzt, um die Aktivit\u00e4ten der User innerhalb der GR\u00c4BENER Pressensysteme GmbH &amp; Co. KG-Website nach zu verfolgen und die Website zu bewerten bzw. zu verbessern, damit sie Ihnen noch n\u00fctzlichere Informationen bieten kann. Wir weisen Sie hiermit darauf hin, dass Sie Ihren Browser so einstellen k\u00f6nnen, dass er Cookies nicht annimmt bzw. dass Sie eine Warnmeldung erhalten, wenn Cookies gesendet werden.<\/p>\n\n<p id=\"block-14\" class=\"\">\n  <strong>Haftungsausschluss<br><\/strong>Ein Vertragsverh\u00e4ltnis kommt durch den Gebrauch dieser Website nicht zustande. Die Nutzung dieser Website erfolgt auf eigene Gefahr. Wir schlie\u00dfen ausdr\u00fccklich jegliche Haftung f\u00fcr Sch\u00e4den einschlie\u00dflich Folgesch\u00e4den aus, die in irgendeiner Form in Verbindung mit Ihrem Zugriff auf die&nbsp;GR\u00c4BENER Pressensysteme GmbH &amp; Co. KG-Website stehen. Dies gilt insbesondere f\u00fcr Sch\u00e4den, die etwa durch Viren an Ihrem Computer oder Ihrer EDV-Anlage oder durch Ihr Vertrauen auf Informationen dieser Website \u2013 auch verbundener Websites oder Informationen Dritter, die \u00fcber diese Website erlangt werden k\u00f6nnen \u2013 entstehen.<\/p>\n\n<p id=\"block-15\" class=\"\">\n  <strong>Bildnachweis:<br>Hintergrundbild unter \u201cKontakt\u201d<br><\/strong>Coin Design by: www.stdesign.no,<br>3D Imagery by www.timcooper3d.com<\/p>\n<\/div>      <\/div>\n    <\/div>\n  <\/div>\n<\/div>","protected":false},"excerpt":{"rendered":"","protected":false},"author":1,"featured_media":0,"parent":0,"menu_order":0,"comment_status":"closed","ping_status":"closed","template":"","meta":{"_acf_changed":false,"footnotes":""},"class_list":["post-811","page","type-page","status-publish","hentry"],"acf":[],"yoast_head":"<!-- This site is optimized with the Yoast SEO plugin v23.2 - https:\/\/yoast.com\/wordpress\/plugins\/seo\/ -->\n<title>Imprint - ANDRITZ Gr\u00e4bener<\/title>\n<meta name=\"robots\" content=\"index, follow, max-snippet:-1, max-image-preview:large, max-video-preview:-1\" \/>\n<link rel=\"canonical\" href=\"https:\/\/www.graebener-minting.com\/en\/imprint\/\" \/>\n<meta property=\"og:locale\" content=\"en_US\" \/>\n<meta property=\"og:type\" content=\"article\" \/>\n<meta property=\"og:title\" content=\"Imprint - ANDRITZ Gr\u00e4bener\" \/>\n<meta property=\"og:url\" content=\"https:\/\/www.graebener-minting.com\/en\/imprint\/\" \/>\n<meta property=\"og:site_name\" content=\"ANDRITZ Gr\u00e4bener\" \/>\n<meta property=\"article:modified_time\" content=\"2025-06-03T07:38:39+00:00\" \/>\n<meta name=\"twitter:card\" content=\"summary_large_image\" \/>\n<script type=\"application\/ld+json\" class=\"yoast-schema-graph\">{\"@context\":\"https:\/\/schema.org\",\"@graph\":[{\"@type\":\"WebPage\",\"@id\":\"https:\/\/www.graebener-minting.com\/en\/imprint\/\",\"url\":\"https:\/\/www.graebener-minting.com\/en\/imprint\/\",\"name\":\"Imprint - ANDRITZ Gr\u00e4bener\",\"isPartOf\":{\"@id\":\"https:\/\/www.graebener-minting.com\/en\/#website\"},\"datePublished\":\"2024-02-05T08:36:39+00:00\",\"dateModified\":\"2025-06-03T07:38:39+00:00\",\"breadcrumb\":{\"@id\":\"https:\/\/www.graebener-minting.com\/en\/imprint\/#breadcrumb\"},\"inLanguage\":\"en-US\",\"potentialAction\":[{\"@type\":\"ReadAction\",\"target\":[\"https:\/\/www.graebener-minting.com\/en\/imprint\/\"]}]},{\"@type\":\"BreadcrumbList\",\"@id\":\"https:\/\/www.graebener-minting.com\/en\/imprint\/#breadcrumb\",\"itemListElement\":[{\"@type\":\"ListItem\",\"position\":1,\"name\":\"Startseite\",\"item\":\"https:\/\/www.graebener-minting.com\/en\/\"},{\"@type\":\"ListItem\",\"position\":2,\"name\":\"Imprint\"}]},{\"@type\":\"WebSite\",\"@id\":\"https:\/\/www.graebener-minting.com\/en\/#website\",\"url\":\"https:\/\/www.graebener-minting.com\/en\/\",\"name\":\"Graebener Website\",\"description\":\"Wir sind ein modernes Maschinenbauunternehmen mit Schwerpunkt Umformtechnik. Gr\u00e4bener Pressensysteme GmbH &amp; Co. KG wurde 1921 gegr\u00fcndet.\",\"publisher\":{\"@id\":\"https:\/\/www.graebener-minting.com\/en\/#organization\"},\"potentialAction\":[{\"@type\":\"SearchAction\",\"target\":{\"@type\":\"EntryPoint\",\"urlTemplate\":\"https:\/\/www.graebener-minting.com\/en\/?s={search_term_string}\"},\"query-input\":\"required name=search_term_string\"}],\"inLanguage\":\"en-US\"},{\"@type\":\"Organization\",\"@id\":\"https:\/\/www.graebener-minting.com\/en\/#organization\",\"name\":\"Graebener-Minting\",\"url\":\"https:\/\/www.graebener-minting.com\/en\/\",\"logo\":{\"@type\":\"ImageObject\",\"inLanguage\":\"en-US\",\"@id\":\"https:\/\/www.graebener-minting.com\/en\/#\/schema\/logo\/image\/\",\"url\":\"https:\/\/www.graebener-minting.com\/wp-content\/uploads\/2025\/10\/favicon.png\",\"contentUrl\":\"https:\/\/www.graebener-minting.com\/wp-content\/uploads\/2025\/10\/favicon.png\",\"width\":16,\"height\":16,\"caption\":\"Graebener-Minting\"},\"image\":{\"@id\":\"https:\/\/www.graebener-minting.com\/en\/#\/schema\/logo\/image\/\"}}]}<\/script>\n<!-- \/ Yoast SEO plugin. -->","yoast_head_json":{"title":"Imprint - ANDRITZ Gr\u00e4bener","robots":{"index":"index","follow":"follow","max-snippet":"max-snippet:-1","max-image-preview":"max-image-preview:large","max-video-preview":"max-video-preview:-1"},"canonical":"https:\/\/www.graebener-minting.com\/en\/imprint\/","og_locale":"en_US","og_type":"article","og_title":"Imprint - ANDRITZ Gr\u00e4bener","og_url":"https:\/\/www.graebener-minting.com\/en\/imprint\/","og_site_name":"ANDRITZ Gr\u00e4bener","article_modified_time":"2025-06-03T07:38:39+00:00","twitter_card":"summary_large_image","schema":{"@context":"https:\/\/schema.org","@graph":[{"@type":"WebPage","@id":"https:\/\/www.graebener-minting.com\/en\/imprint\/","url":"https:\/\/www.graebener-minting.com\/en\/imprint\/","name":"Imprint - ANDRITZ Gr\u00e4bener","isPartOf":{"@id":"https:\/\/www.graebener-minting.com\/en\/#website"},"datePublished":"2024-02-05T08:36:39+00:00","dateModified":"2025-06-03T07:38:39+00:00","breadcrumb":{"@id":"https:\/\/www.graebener-minting.com\/en\/imprint\/#breadcrumb"},"inLanguage":"en-US","potentialAction":[{"@type":"ReadAction","target":["https:\/\/www.graebener-minting.com\/en\/imprint\/"]}]},{"@type":"BreadcrumbList","@id":"https:\/\/www.graebener-minting.com\/en\/imprint\/#breadcrumb","itemListElement":[{"@type":"ListItem","position":1,"name":"Startseite","item":"https:\/\/www.graebener-minting.com\/en\/"},{"@type":"ListItem","position":2,"name":"Imprint"}]},{"@type":"WebSite","@id":"https:\/\/www.graebener-minting.com\/en\/#website","url":"https:\/\/www.graebener-minting.com\/en\/","name":"Graebener Website","description":"Wir sind ein modernes Maschinenbauunternehmen mit Schwerpunkt Umformtechnik. Gr\u00e4bener Pressensysteme GmbH &amp; Co. KG wurde 1921 gegr\u00fcndet.","publisher":{"@id":"https:\/\/www.graebener-minting.com\/en\/#organization"},"potentialAction":[{"@type":"SearchAction","target":{"@type":"EntryPoint","urlTemplate":"https:\/\/www.graebener-minting.com\/en\/?s={search_term_string}"},"query-input":"required name=search_term_string"}],"inLanguage":"en-US"},{"@type":"Organization","@id":"https:\/\/www.graebener-minting.com\/en\/#organization","name":"Graebener-Minting","url":"https:\/\/www.graebener-minting.com\/en\/","logo":{"@type":"ImageObject","inLanguage":"en-US","@id":"https:\/\/www.graebener-minting.com\/en\/#\/schema\/logo\/image\/","url":"https:\/\/www.graebener-minting.com\/wp-content\/uploads\/2025\/10\/favicon.png","contentUrl":"https:\/\/www.graebener-minting.com\/wp-content\/uploads\/2025\/10\/favicon.png","width":16,"height":16,"caption":"Graebener-Minting"},"image":{"@id":"https:\/\/www.graebener-minting.com\/en\/#\/schema\/logo\/image\/"}}]}},"_links":{"self":[{"href":"https:\/\/www.graebener-minting.com\/en\/wp-json\/wp\/v2\/pages\/811","targetHints":{"allow":["GET"]}}],"collection":[{"href":"https:\/\/www.graebener-minting.com\/en\/wp-json\/wp\/v2\/pages"}],"about":[{"href":"https:\/\/www.graebener-minting.com\/en\/wp-json\/wp\/v2\/types\/page"}],"author":[{"embeddable":true,"href":"https:\/\/www.graebener-minting.com\/en\/wp-json\/wp\/v2\/users\/1"}],"replies":[{"embeddable":true,"href":"https:\/\/www.graebener-minting.com\/en\/wp-json\/wp\/v2\/comments?post=811"}],"version-history":[{"count":6,"href":"https:\/\/www.graebener-minting.com\/en\/wp-json\/wp\/v2\/pages\/811\/revisions"}],"predecessor-version":[{"id":1576,"href":"https:\/\/www.graebener-minting.com\/en\/wp-json\/wp\/v2\/pages\/811\/revisions\/1576"}],"wp:attachment":[{"href":"https:\/\/www.graebener-minting.com\/en\/wp-json\/wp\/v2\/media?parent=811"}],"curies":[{"name":"wp","href":"https:\/\/api.w.org\/{rel}","templated":true}]}}